{"id":32978,"date":"2021-04-19T12:23:45","date_gmt":"2021-04-19T10:23:45","guid":{"rendered":"https:\/\/otichain.com\/authentication-of-original-goods\/"},"modified":"2023-10-12T10:23:18","modified_gmt":"2023-10-12T08:23:18","slug":"autenticazione-di-prodotti-originali","status":"publish","type":"page","link":"https:\/\/otichain.com\/it\/autenticazione-di-prodotti-originali\/","title":{"rendered":"Autenticazione di Prodotti Originali"},"content":{"rendered":"<p>[vc_row el_class=&#8221;st-dropcap&#8221;][vc_column]<div class=\"clearboth\"><\/div><div class=\"gem-divider \" style=\"margin-top: 10px;\"><\/div>[vc_column_text]La <strong>trasparenza<\/strong> \u00e8 l\u2019elemento chiave della tecnologia blockchain. Consente transazioni peer-to-peer, per cui anche la pi\u00f9 piccola modifica viene registrata all\u2019interno dei blocchi.<br \/>\nChiunque pu\u00f2 visualizzare le transazioni che sono avvenute sulla blockchain e quindi non c\u2019\u00e8 possibilit\u00e0 di frode o creazione di falsi. Oltre a questo, il cliente pu\u00f2 verificare <strong>l\u2019autenticit\u00e0<\/strong> del prodotto e la <strong>sua storia<\/strong>, come la data di produzione e altre informazioni che potrebbero influenzare la sua decisione di acquisto.<\/p>\n<p>In questo modo <strong>non sar\u00e0 possibile<\/strong> acquistare articoli <strong>contraffatti<\/strong> e <strong>falsi<\/strong> e il produttore potr\u00e0 certificare l\u2019origine del prodotto e tracciare e rintracciare tutte le materie prime. La <strong>tecnologia<\/strong> consente inoltre la rimozione in tempo reale e precisa di eventuali contraffazioni per prove probatorie al fine di rivendicare con successo i diritti d\u2019autore e di propriet\u00e0 industriale e agire nelle <strong>opportune sedi giudiziarie<\/strong>.[\/vc_column_text][\/vc_column][\/vc_row]<\/p>\n","protected":false},"excerpt":{"rendered":"<p>[vc_row el_class=&#8221;st-dropcap&#8221;][vc_column][vc_column_text]La trasparenza \u00e8 l\u2019elemento chiave della tecnologia blockchain. Consente transazioni peer-to-peer, per cui anche la pi\u00f9 piccola modifica viene&#8230;<\/p>\n","protected":false},"author":1,"featured_media":0,"parent":0,"menu_order":0,"comment_status":"closed","ping_status":"closed","template":"","meta":{"footnotes":""},"class_list":["post-32978","page","type-page","status-publish"],"yoast_head":"<!-- This site is optimized with the Yoast SEO Premium plugin v20.7 (Yoast SEO v23.3) - https:\/\/yoast.com\/wordpress\/plugins\/seo\/ -->\n<title>Autenticazione di Prodotti Originali | OTICHAIN<\/title>\n<meta name=\"robots\" content=\"index, follow, max-snippet:-1, max-image-preview:large, max-video-preview:-1\" \/>\n<link rel=\"canonical\" href=\"https:\/\/otichain.com\/it\/autenticazione-di-prodotti-originali\/\" \/>\n<meta property=\"og:locale\" content=\"it_IT\" \/>\n<meta property=\"og:type\" content=\"article\" \/>\n<meta property=\"og:title\" content=\"Autenticazione di Prodotti Originali\" \/>\n<meta property=\"og:description\" content=\"[vc_row el_class=&#8221;st-dropcap&#8221;][vc_column][vc_column_text]La trasparenza \u00e8 l\u2019elemento chiave della tecnologia blockchain. Consente transazioni peer-to-peer, per cui anche la pi\u00f9 piccola modifica viene...\" \/>\n<meta property=\"og:url\" content=\"https:\/\/otichain.com\/it\/autenticazione-di-prodotti-originali\/\" \/>\n<meta property=\"og:site_name\" content=\"OTICHAIN\" \/>\n<meta property=\"article:modified_time\" content=\"2023-10-12T08:23:18+00:00\" \/>\n<meta name=\"twitter:card\" content=\"summary_large_image\" \/>\n<meta name=\"twitter:label1\" content=\"Tempo di lettura stimato\" \/>\n\t<meta name=\"twitter:data1\" content=\"1 minuto\" \/>\n<script type=\"application\/ld+json\" class=\"yoast-schema-graph\">{\"@context\":\"https:\/\/schema.org\",\"@graph\":[{\"@type\":\"WebPage\",\"@id\":\"https:\/\/otichain.com\/it\/autenticazione-di-prodotti-originali\/\",\"url\":\"https:\/\/otichain.com\/it\/autenticazione-di-prodotti-originali\/\",\"name\":\"Autenticazione di Prodotti Originali | OTICHAIN\",\"isPartOf\":{\"@id\":\"https:\/\/otichain.com\/it\/#website\"},\"datePublished\":\"2021-04-19T10:23:45+00:00\",\"dateModified\":\"2023-10-12T08:23:18+00:00\",\"breadcrumb\":{\"@id\":\"https:\/\/otichain.com\/it\/autenticazione-di-prodotti-originali\/#breadcrumb\"},\"inLanguage\":\"it-IT\",\"potentialAction\":[{\"@type\":\"ReadAction\",\"target\":[\"https:\/\/otichain.com\/it\/autenticazione-di-prodotti-originali\/\"]}]},{\"@type\":\"BreadcrumbList\",\"@id\":\"https:\/\/otichain.com\/it\/autenticazione-di-prodotti-originali\/#breadcrumb\",\"itemListElement\":[{\"@type\":\"ListItem\",\"position\":1,\"name\":\"Home\",\"item\":\"https:\/\/otichain.com\/it\/\"},{\"@type\":\"ListItem\",\"position\":2,\"name\":\"Autenticazione di Prodotti Originali\"}]},{\"@type\":\"WebSite\",\"@id\":\"https:\/\/otichain.com\/it\/#website\",\"url\":\"https:\/\/otichain.com\/it\/\",\"name\":\"OTICHAIN\",\"description\":\"The One True ID blockchain\",\"publisher\":{\"@id\":\"https:\/\/otichain.com\/it\/#organization\"},\"potentialAction\":[{\"@type\":\"SearchAction\",\"target\":{\"@type\":\"EntryPoint\",\"urlTemplate\":\"https:\/\/otichain.com\/it\/?s={search_term_string}\"},\"query-input\":\"required name=search_term_string\"}],\"inLanguage\":\"it-IT\"},{\"@type\":\"Organization\",\"@id\":\"https:\/\/otichain.com\/it\/#organization\",\"name\":\"Otichain\",\"url\":\"https:\/\/otichain.com\/it\/\",\"logo\":{\"@type\":\"ImageObject\",\"inLanguage\":\"it-IT\",\"@id\":\"https:\/\/otichain.com\/it\/#\/schema\/logo\/image\/\",\"url\":\"https:\/\/otichain.com\/wp-content\/uploads\/2021\/02\/otichainlogoheader.png\",\"contentUrl\":\"https:\/\/otichain.com\/wp-content\/uploads\/2021\/02\/otichainlogoheader.png\",\"width\":310,\"height\":84,\"caption\":\"Otichain\"},\"image\":{\"@id\":\"https:\/\/otichain.com\/it\/#\/schema\/logo\/image\/\"}}]}<\/script>\n<!-- \/ Yoast SEO Premium plugin. -->","yoast_head_json":{"title":"Autenticazione di Prodotti Originali | OTICHAIN","robots":{"index":"index","follow":"follow","max-snippet":"max-snippet:-1","max-image-preview":"max-image-preview:large","max-video-preview":"max-video-preview:-1"},"canonical":"https:\/\/otichain.com\/it\/autenticazione-di-prodotti-originali\/","og_locale":"it_IT","og_type":"article","og_title":"Autenticazione di Prodotti Originali","og_description":"[vc_row el_class=&#8221;st-dropcap&#8221;][vc_column][vc_column_text]La trasparenza \u00e8 l\u2019elemento chiave della tecnologia blockchain. Consente transazioni peer-to-peer, per cui anche la pi\u00f9 piccola modifica viene...","og_url":"https:\/\/otichain.com\/it\/autenticazione-di-prodotti-originali\/","og_site_name":"OTICHAIN","article_modified_time":"2023-10-12T08:23:18+00:00","twitter_card":"summary_large_image","twitter_misc":{"Tempo di lettura stimato":"1 minuto"},"schema":{"@context":"https:\/\/schema.org","@graph":[{"@type":"WebPage","@id":"https:\/\/otichain.com\/it\/autenticazione-di-prodotti-originali\/","url":"https:\/\/otichain.com\/it\/autenticazione-di-prodotti-originali\/","name":"Autenticazione di Prodotti Originali | OTICHAIN","isPartOf":{"@id":"https:\/\/otichain.com\/it\/#website"},"datePublished":"2021-04-19T10:23:45+00:00","dateModified":"2023-10-12T08:23:18+00:00","breadcrumb":{"@id":"https:\/\/otichain.com\/it\/autenticazione-di-prodotti-originali\/#breadcrumb"},"inLanguage":"it-IT","potentialAction":[{"@type":"ReadAction","target":["https:\/\/otichain.com\/it\/autenticazione-di-prodotti-originali\/"]}]},{"@type":"BreadcrumbList","@id":"https:\/\/otichain.com\/it\/autenticazione-di-prodotti-originali\/#breadcrumb","itemListElement":[{"@type":"ListItem","position":1,"name":"Home","item":"https:\/\/otichain.com\/it\/"},{"@type":"ListItem","position":2,"name":"Autenticazione di Prodotti Originali"}]},{"@type":"WebSite","@id":"https:\/\/otichain.com\/it\/#website","url":"https:\/\/otichain.com\/it\/","name":"OTICHAIN","description":"The One True ID blockchain","publisher":{"@id":"https:\/\/otichain.com\/it\/#organization"},"potentialAction":[{"@type":"SearchAction","target":{"@type":"EntryPoint","urlTemplate":"https:\/\/otichain.com\/it\/?s={search_term_string}"},"query-input":"required name=search_term_string"}],"inLanguage":"it-IT"},{"@type":"Organization","@id":"https:\/\/otichain.com\/it\/#organization","name":"Otichain","url":"https:\/\/otichain.com\/it\/","logo":{"@type":"ImageObject","inLanguage":"it-IT","@id":"https:\/\/otichain.com\/it\/#\/schema\/logo\/image\/","url":"https:\/\/otichain.com\/wp-content\/uploads\/2021\/02\/otichainlogoheader.png","contentUrl":"https:\/\/otichain.com\/wp-content\/uploads\/2021\/02\/otichainlogoheader.png","width":310,"height":84,"caption":"Otichain"},"image":{"@id":"https:\/\/otichain.com\/it\/#\/schema\/logo\/image\/"}}]}},"_links":{"self":[{"href":"https:\/\/otichain.com\/it\/wp-json\/wp\/v2\/pages\/32978"}],"collection":[{"href":"https:\/\/otichain.com\/it\/wp-json\/wp\/v2\/pages"}],"about":[{"href":"https:\/\/otichain.com\/it\/wp-json\/wp\/v2\/types\/page"}],"author":[{"embeddable":true,"href":"https:\/\/otichain.com\/it\/wp-json\/wp\/v2\/users\/1"}],"replies":[{"embeddable":true,"href":"https:\/\/otichain.com\/it\/wp-json\/wp\/v2\/comments?post=32978"}],"version-history":[{"count":1,"href":"https:\/\/otichain.com\/it\/wp-json\/wp\/v2\/pages\/32978\/revisions"}],"predecessor-version":[{"id":32979,"href":"https:\/\/otichain.com\/it\/wp-json\/wp\/v2\/pages\/32978\/revisions\/32979"}],"wp:attachment":[{"href":"https:\/\/otichain.com\/it\/wp-json\/wp\/v2\/media?parent=32978"}],"curies":[{"name":"wp","href":"https:\/\/api.w.org\/{rel}","templated":true}]}}