{"id":32990,"date":"2021-04-19T08:44:17","date_gmt":"2021-04-19T06:44:17","guid":{"rendered":"https:\/\/otichain.com\/improvement-of-customer-loyalty-programs\/"},"modified":"2023-10-12T10:28:58","modified_gmt":"2023-10-12T08:28:58","slug":"miglioramento-dei-programmi-di-fidelizzazione-dei-clienti","status":"publish","type":"page","link":"https:\/\/otichain.com\/it\/miglioramento-dei-programmi-di-fidelizzazione-dei-clienti\/","title":{"rendered":"Miglioramento dei Programmi di Fidelizzazione dei Clienti"},"content":{"rendered":"<p>[vc_row el_class=&#8221;st-dropcap&#8221;][vc_column]<div class=\"clearboth\"><\/div><div class=\"gem-divider \" style=\"margin-top: 10px;\"><\/div>[\/vc_column][vc_column offset=&#8221;vc_col-lg-6 vc_col-md-6 vc_col-xs-12&#8243;][vc_column_text]I piani di fidelizzazione dei clienti sono un mercato che vale quasi <strong>2 miliardi di dollari<\/strong>, una cifra che potrebbe triplicare entro il 2023, crescendo almeno del 20% in pi\u00f9 ogni anno.<\/p>\n<p>Il <strong>74%<\/strong> degli italiani \u00e8 iscritto a un piano fedelt\u00e0 con almeno un rivenditore che offre questo tipo di iniziativa (media UE e <strong>mondo 66%<\/strong>). Il 44% \u00e8 iscritto a 2-5 loyalty, mentre un consumatore su 6 (17%) \u00e8 iscritto a pi\u00f9 di 6 loyalty program.<\/p>\n<p>I dati emergono dal sondaggio globale di Nielsen \u201cRetailer Loyalty: Card-carrying consumer perspectives on retail loyalty-program participation and perks\u201d basato su un campione di oltre <strong>30.000<\/strong> persone in <strong>63 paesi<\/strong>.[\/vc_column_text][\/vc_column][vc_column offset=&#8221;vc_col-lg-6 vc_col-md-6 vc_col-xs-12&#8243;][vc_column_text]I consumatori affrontano la sfida di monitorare i numerosi <strong>programmi fedelt\u00e0<\/strong> a cui sono iscritti e molti dei punti fedelt\u00e0 creati ogni anno non vengono utilizzati, portando cos\u00ec a passivi di bilancio.<\/p>\n<p>Un\u2019applicazione <strong>blockchain<\/strong> aiuterebbe gli utenti a riscattare facilmente punti su diversi fornitori e piattaforme (ad esempio Android, iOS e Web) riducendo al minimo i costi operativi, diminuendo la possibilit\u00e0 di frode e <strong>migliorando<\/strong> la soddisfazione del cliente.<\/p>\n<p>&nbsp;<\/p>\n<p><span style=\"color: #777777;\">\u00a0<\/span>[\/vc_column_text][\/vc_column][\/vc_row]<\/p>\n","protected":false},"excerpt":{"rendered":"<p>[vc_row el_class=&#8221;st-dropcap&#8221;][vc_column][\/vc_column][vc_column offset=&#8221;vc_col-lg-6 vc_col-md-6 vc_col-xs-12&#8243;][vc_column_text]I piani di fidelizzazione dei clienti sono un mercato che vale quasi 2 miliardi di dollari,&#8230;<\/p>\n","protected":false},"author":1,"featured_media":0,"parent":0,"menu_order":0,"comment_status":"closed","ping_status":"closed","template":"","meta":{"footnotes":""},"class_list":["post-32990","page","type-page","status-publish"],"yoast_head":"<!-- This site is optimized with the Yoast SEO Premium plugin v20.7 (Yoast SEO v23.3) - https:\/\/yoast.com\/wordpress\/plugins\/seo\/ -->\n<title>Miglioramento dei Programmi di Fidelizzazione dei Clienti | OTICHAIN<\/title>\n<meta name=\"robots\" content=\"index, follow, max-snippet:-1, max-image-preview:large, max-video-preview:-1\" \/>\n<link rel=\"canonical\" href=\"https:\/\/otichain.com\/it\/miglioramento-dei-programmi-di-fidelizzazione-dei-clienti\/\" \/>\n<meta property=\"og:locale\" content=\"it_IT\" \/>\n<meta property=\"og:type\" content=\"article\" \/>\n<meta property=\"og:title\" content=\"Miglioramento dei Programmi di Fidelizzazione dei Clienti\" \/>\n<meta property=\"og:description\" content=\"[vc_row el_class=&#8221;st-dropcap&#8221;][vc_column][\/vc_column][vc_column offset=&#8221;vc_col-lg-6 vc_col-md-6 vc_col-xs-12&#8243;][vc_column_text]I piani di fidelizzazione dei clienti sono un mercato che vale quasi 2 miliardi di dollari,...\" \/>\n<meta property=\"og:url\" content=\"https:\/\/otichain.com\/it\/miglioramento-dei-programmi-di-fidelizzazione-dei-clienti\/\" \/>\n<meta property=\"og:site_name\" content=\"OTICHAIN\" \/>\n<meta property=\"article:modified_time\" content=\"2023-10-12T08:28:58+00:00\" \/>\n<meta name=\"twitter:card\" content=\"summary_large_image\" \/>\n<meta name=\"twitter:label1\" content=\"Tempo di lettura stimato\" \/>\n\t<meta name=\"twitter:data1\" content=\"1 minuto\" \/>\n<script type=\"application\/ld+json\" class=\"yoast-schema-graph\">{\"@context\":\"https:\/\/schema.org\",\"@graph\":[{\"@type\":\"WebPage\",\"@id\":\"https:\/\/otichain.com\/it\/miglioramento-dei-programmi-di-fidelizzazione-dei-clienti\/\",\"url\":\"https:\/\/otichain.com\/it\/miglioramento-dei-programmi-di-fidelizzazione-dei-clienti\/\",\"name\":\"Miglioramento dei Programmi di Fidelizzazione dei Clienti | OTICHAIN\",\"isPartOf\":{\"@id\":\"https:\/\/otichain.com\/it\/#website\"},\"datePublished\":\"2021-04-19T06:44:17+00:00\",\"dateModified\":\"2023-10-12T08:28:58+00:00\",\"breadcrumb\":{\"@id\":\"https:\/\/otichain.com\/it\/miglioramento-dei-programmi-di-fidelizzazione-dei-clienti\/#breadcrumb\"},\"inLanguage\":\"it-IT\",\"potentialAction\":[{\"@type\":\"ReadAction\",\"target\":[\"https:\/\/otichain.com\/it\/miglioramento-dei-programmi-di-fidelizzazione-dei-clienti\/\"]}]},{\"@type\":\"BreadcrumbList\",\"@id\":\"https:\/\/otichain.com\/it\/miglioramento-dei-programmi-di-fidelizzazione-dei-clienti\/#breadcrumb\",\"itemListElement\":[{\"@type\":\"ListItem\",\"position\":1,\"name\":\"Home\",\"item\":\"https:\/\/otichain.com\/it\/\"},{\"@type\":\"ListItem\",\"position\":2,\"name\":\"Miglioramento dei Programmi di Fidelizzazione dei Clienti\"}]},{\"@type\":\"WebSite\",\"@id\":\"https:\/\/otichain.com\/it\/#website\",\"url\":\"https:\/\/otichain.com\/it\/\",\"name\":\"OTICHAIN\",\"description\":\"The One True ID blockchain\",\"publisher\":{\"@id\":\"https:\/\/otichain.com\/it\/#organization\"},\"potentialAction\":[{\"@type\":\"SearchAction\",\"target\":{\"@type\":\"EntryPoint\",\"urlTemplate\":\"https:\/\/otichain.com\/it\/?s={search_term_string}\"},\"query-input\":\"required name=search_term_string\"}],\"inLanguage\":\"it-IT\"},{\"@type\":\"Organization\",\"@id\":\"https:\/\/otichain.com\/it\/#organization\",\"name\":\"Otichain\",\"url\":\"https:\/\/otichain.com\/it\/\",\"logo\":{\"@type\":\"ImageObject\",\"inLanguage\":\"it-IT\",\"@id\":\"https:\/\/otichain.com\/it\/#\/schema\/logo\/image\/\",\"url\":\"https:\/\/otichain.com\/wp-content\/uploads\/2021\/02\/otichainlogoheader.png\",\"contentUrl\":\"https:\/\/otichain.com\/wp-content\/uploads\/2021\/02\/otichainlogoheader.png\",\"width\":310,\"height\":84,\"caption\":\"Otichain\"},\"image\":{\"@id\":\"https:\/\/otichain.com\/it\/#\/schema\/logo\/image\/\"}}]}<\/script>\n<!-- \/ Yoast SEO Premium plugin. -->","yoast_head_json":{"title":"Miglioramento dei Programmi di Fidelizzazione dei Clienti | OTICHAIN","robots":{"index":"index","follow":"follow","max-snippet":"max-snippet:-1","max-image-preview":"max-image-preview:large","max-video-preview":"max-video-preview:-1"},"canonical":"https:\/\/otichain.com\/it\/miglioramento-dei-programmi-di-fidelizzazione-dei-clienti\/","og_locale":"it_IT","og_type":"article","og_title":"Miglioramento dei Programmi di Fidelizzazione dei Clienti","og_description":"[vc_row el_class=&#8221;st-dropcap&#8221;][vc_column][\/vc_column][vc_column offset=&#8221;vc_col-lg-6 vc_col-md-6 vc_col-xs-12&#8243;][vc_column_text]I piani di fidelizzazione dei clienti sono un mercato che vale quasi 2 miliardi di dollari,...","og_url":"https:\/\/otichain.com\/it\/miglioramento-dei-programmi-di-fidelizzazione-dei-clienti\/","og_site_name":"OTICHAIN","article_modified_time":"2023-10-12T08:28:58+00:00","twitter_card":"summary_large_image","twitter_misc":{"Tempo di lettura stimato":"1 minuto"},"schema":{"@context":"https:\/\/schema.org","@graph":[{"@type":"WebPage","@id":"https:\/\/otichain.com\/it\/miglioramento-dei-programmi-di-fidelizzazione-dei-clienti\/","url":"https:\/\/otichain.com\/it\/miglioramento-dei-programmi-di-fidelizzazione-dei-clienti\/","name":"Miglioramento dei Programmi di Fidelizzazione dei Clienti | OTICHAIN","isPartOf":{"@id":"https:\/\/otichain.com\/it\/#website"},"datePublished":"2021-04-19T06:44:17+00:00","dateModified":"2023-10-12T08:28:58+00:00","breadcrumb":{"@id":"https:\/\/otichain.com\/it\/miglioramento-dei-programmi-di-fidelizzazione-dei-clienti\/#breadcrumb"},"inLanguage":"it-IT","potentialAction":[{"@type":"ReadAction","target":["https:\/\/otichain.com\/it\/miglioramento-dei-programmi-di-fidelizzazione-dei-clienti\/"]}]},{"@type":"BreadcrumbList","@id":"https:\/\/otichain.com\/it\/miglioramento-dei-programmi-di-fidelizzazione-dei-clienti\/#breadcrumb","itemListElement":[{"@type":"ListItem","position":1,"name":"Home","item":"https:\/\/otichain.com\/it\/"},{"@type":"ListItem","position":2,"name":"Miglioramento dei Programmi di Fidelizzazione dei Clienti"}]},{"@type":"WebSite","@id":"https:\/\/otichain.com\/it\/#website","url":"https:\/\/otichain.com\/it\/","name":"OTICHAIN","description":"The One True ID blockchain","publisher":{"@id":"https:\/\/otichain.com\/it\/#organization"},"potentialAction":[{"@type":"SearchAction","target":{"@type":"EntryPoint","urlTemplate":"https:\/\/otichain.com\/it\/?s={search_term_string}"},"query-input":"required name=search_term_string"}],"inLanguage":"it-IT"},{"@type":"Organization","@id":"https:\/\/otichain.com\/it\/#organization","name":"Otichain","url":"https:\/\/otichain.com\/it\/","logo":{"@type":"ImageObject","inLanguage":"it-IT","@id":"https:\/\/otichain.com\/it\/#\/schema\/logo\/image\/","url":"https:\/\/otichain.com\/wp-content\/uploads\/2021\/02\/otichainlogoheader.png","contentUrl":"https:\/\/otichain.com\/wp-content\/uploads\/2021\/02\/otichainlogoheader.png","width":310,"height":84,"caption":"Otichain"},"image":{"@id":"https:\/\/otichain.com\/it\/#\/schema\/logo\/image\/"}}]}},"_links":{"self":[{"href":"https:\/\/otichain.com\/it\/wp-json\/wp\/v2\/pages\/32990"}],"collection":[{"href":"https:\/\/otichain.com\/it\/wp-json\/wp\/v2\/pages"}],"about":[{"href":"https:\/\/otichain.com\/it\/wp-json\/wp\/v2\/types\/page"}],"author":[{"embeddable":true,"href":"https:\/\/otichain.com\/it\/wp-json\/wp\/v2\/users\/1"}],"replies":[{"embeddable":true,"href":"https:\/\/otichain.com\/it\/wp-json\/wp\/v2\/comments?post=32990"}],"version-history":[{"count":1,"href":"https:\/\/otichain.com\/it\/wp-json\/wp\/v2\/pages\/32990\/revisions"}],"predecessor-version":[{"id":32991,"href":"https:\/\/otichain.com\/it\/wp-json\/wp\/v2\/pages\/32990\/revisions\/32991"}],"wp:attachment":[{"href":"https:\/\/otichain.com\/it\/wp-json\/wp\/v2\/media?parent=32990"}],"curies":[{"name":"wp","href":"https:\/\/api.w.org\/{rel}","templated":true}]}}