{"id":33016,"date":"2021-04-19T08:34:20","date_gmt":"2021-04-19T06:34:20","guid":{"rendered":"https:\/\/otichain.com\/proof-of-work-pow-vs-proof-of-stake-pos\/"},"modified":"2023-10-12T10:56:07","modified_gmt":"2023-10-12T08:56:07","slug":"proof-of-work-pow-vs-proof-of-stake-pos","status":"publish","type":"page","link":"https:\/\/otichain.com\/it\/proof-of-work-pow-vs-proof-of-stake-pos\/","title":{"rendered":"Proof of Work (PoW) vs Proof of Stake (PoS)"},"content":{"rendered":"<p>[vc_row el_class=&#8221;st-dropcap&#8221;][vc_column]<div class=\"clearboth\"><\/div><div class=\"gem-divider \" style=\"margin-top: 140px;\"><\/div>[vc_column_text]Per verificare e convalidare una transazione o un blocco, Bitcoin, Ethereum e molte altre piattaforme blockchain utilizzano il modello di consenso <strong>Proof of Work (PoW)<\/strong>.<\/p>\n<p>In un sistema di consenso PoW, il creatore di un nuovo blocco \u00e8 determinato da un algoritmo matematico. Il problema pi\u00f9 grande del PoW \u00e8 che richiede molta potenza di calcolo ed elettrica. <strong>Proof of Stake (PoS)<\/strong> \u00e8 un nuovo modello di consenso che determina i creatori di nuovi blocchi in base alla posta in gioco, che \u00e8 la quantit\u00e0 di monete \u201cbloccate\u201d nei portafogli dei partecipanti al fine di <strong>fornire sicurezza<\/strong> alla rete.<\/p>\n<p>Riduce il consumo di energia rispetto a PoW e premia i portafogli in staking con monete coniate in cambio della <strong>protezione della rete<\/strong>.[\/vc_column_text][\/vc_column][\/vc_row][vc_row el_class=&#8221;st-dropcap&#8221;][vc_column]<div class=\"clearboth\"><\/div><div class=\"gem-divider \" style=\"margin-top: 140px;\"><\/div>[\/vc_column][vc_column offset=&#8221;vc_col-lg-6 vc_col-md-6 vc_col-xs-12&#8243;][vc_column_text]<\/p>\n<h2>Proof of Work(PoW)<\/h2>\n<p><strong>Proof of Work (POW)<\/strong> \u00e8 un algoritmo che premia la prima persona o gruppo di persone [pool] <strong>a risolvere un problema computazionale<\/strong> per ottenere un consenso distribuito.<br \/>\nSebbene Nakamoto abbia migliorato il meccanismo Hashcash di Adam Back, ha creato un sistema di convalida che si basa sull\u2019hashing crittografico piuttosto che sulla fiducia di un sistema centralizzato.<\/p>\n<p>La <strong>rete Bitcoin<\/strong> crea e distribuisce in modo del tutto casuale una certa quantit\u00e0 di monete circa sei volte all\u2019ora ai client che partecipano attivamente alla rete, ovvero che contribuiscono con la loro potenza di calcolo alla gestione e alla sicurezza della rete.<\/p>\n<p>L\u2019attivit\u00e0 di generazione di bitcoin viene spesso definita mining, un termine analogo all\u2019estrazione dell\u2019oro. La probabilit\u00e0 che un certo utente riceva la ricompensa in monete dipende dalla <strong>potenza<\/strong> computazionale che aggiunge alla rete rispetto alla potenza computazionale totale <strong>della rete<\/strong>.<\/p>\n<p>Inizialmente, il client stesso si occupava dei calcoli necessari per minare bitcoin, utilizzando <strong>solo la CPU<\/strong>. Con l\u2019aumentare della potenza di calcolo totale della rete e a causa della natura competitiva della generazione di bitcoin, questa funzionalit\u00e0 \u00e8 diventata antieconomica ed \u00e8 stata accantonata. Oggi esistono programmi specializzati che<br \/>\ninizialmente sfruttavano la potenza delle <strong>GPU<\/strong> e degli <strong>FPGA<\/strong>, e ora utilizzano hardware dedicato basato su <strong>processori ASIC<\/strong> progettati per questo utilizzo.<\/p>\n<p>Poich\u00e9 il numero medio di operazioni necessarie per chiudere <strong>con successo<\/strong> un singolo blocco \u00e8 diventato cos\u00ec grande da richiedere grandi quantit\u00e0 di risorse in termini di energia elettrica e potenza di calcolo, la maggior parte dei minatori si riunisce in \u201cgilde\u201d chiamate mining pool in cui tutti i partecipanti mettono in comune le proprie risorse e si dividono i blocchi generati in base al loro contributo.[\/vc_column_text][\/vc_column][vc_column offset=&#8221;vc_col-lg-6 vc_col-md-6 vc_col-xs-12&#8243;][vc_column_text]<\/p>\n<h2>Proof of Stake (Pos)<\/h2>\n<p><strong>Proof of stake (PoS)<\/strong> \u00e8 un tipo di algoritmo con cui una rete blockchain di <strong>criptovalute<\/strong> mira a raggiungere un consenso distribuito. Nelle criptovalute basate su PoS, il creatore del blocco successivo viene scelto attraverso varie combinazioni di selezione casuale o per ricchezza ed et\u00e0 (puntate). La prova di partecipazione deve avere un modo per definire il successivo blocco valido in qualsiasi blockchain. La selezione basata sul saldo del conto comporterebbe una centralizzazione (indesiderabile), poich\u00e9 il membro pi\u00f9 ricco avrebbe un vantaggio permanente.<\/p>\n<p>Altri progetti utilizzano <strong>Delegated Proof of Stake o DPoS<\/strong>. Il sistema utilizza un numero limitato di nodi per proporre e validare i blocchi nella blockchain. Questo ha lo scopo di mantenere veloce l\u2019elaborazione delle transazioni, piuttosto che utilizzare diverse centinaia o migliaia di nodi. Ad esempio, EOS utilizza un numero limitato di validatori di blocchi, 21, la cui reputazione pu\u00f2 o meno diminuire, consentendo ai validatori di backup di sostituire i nodi precedenti.<\/p>\n<p>Gli incentivi differiscono tra i due sistemi di generazione di blocchi. Con <strong>PoW<\/strong>, i minatori potrebbero potenzialmente non possedere nessuna delle valute che stanno estraendo e quindi cercare solo di massimizzare i loro profitti. Non \u00e8 chiaro se questa disparit\u00e0 riduca o aumenti i rischi per la sicurezza. Con <strong>PoS<\/strong>, invece, chi \u201cblocca\u201d le monete possiede sempre le monete, anche se diverse criptovalute consentono di detenere stake per conto di altri nodi. PoS ha un <strong>consumo energetico<\/strong> notevolmente <strong>inferiore<\/strong> rispetto a PoW.[\/vc_column_text][\/vc_column][\/vc_row]<\/p>\n","protected":false},"excerpt":{"rendered":"<p>[vc_row el_class=&#8221;st-dropcap&#8221;][vc_column][vc_column_text]Per verificare e convalidare una transazione o un blocco, Bitcoin, Ethereum e molte altre piattaforme blockchain utilizzano il modello&#8230;<\/p>\n","protected":false},"author":1,"featured_media":0,"parent":0,"menu_order":0,"comment_status":"closed","ping_status":"closed","template":"","meta":{"footnotes":""},"class_list":["post-33016","page","type-page","status-publish"],"yoast_head":"<!-- This site is optimized with the Yoast SEO Premium plugin v20.7 (Yoast SEO v23.3) - https:\/\/yoast.com\/wordpress\/plugins\/seo\/ -->\n<title>Proof of Work (PoW) vs Proof of Stake (PoS) | OTICHAIN<\/title>\n<meta name=\"robots\" content=\"index, follow, max-snippet:-1, max-image-preview:large, max-video-preview:-1\" \/>\n<link rel=\"canonical\" href=\"https:\/\/otichain.com\/it\/proof-of-work-pow-vs-proof-of-stake-pos\/\" \/>\n<meta property=\"og:locale\" content=\"it_IT\" \/>\n<meta property=\"og:type\" content=\"article\" \/>\n<meta property=\"og:title\" content=\"Proof of Work (PoW) vs Proof of Stake (PoS)\" \/>\n<meta property=\"og:description\" content=\"[vc_row el_class=&#8221;st-dropcap&#8221;][vc_column][vc_column_text]Per verificare e convalidare una transazione o un blocco, Bitcoin, Ethereum e molte altre piattaforme blockchain utilizzano il modello...\" \/>\n<meta property=\"og:url\" content=\"https:\/\/otichain.com\/it\/proof-of-work-pow-vs-proof-of-stake-pos\/\" \/>\n<meta property=\"og:site_name\" content=\"OTICHAIN\" \/>\n<meta property=\"article:modified_time\" content=\"2023-10-12T08:56:07+00:00\" \/>\n<meta name=\"twitter:card\" content=\"summary_large_image\" \/>\n<meta name=\"twitter:label1\" content=\"Tempo di lettura stimato\" \/>\n\t<meta name=\"twitter:data1\" content=\"3 minuti\" \/>\n<script type=\"application\/ld+json\" class=\"yoast-schema-graph\">{\"@context\":\"https:\/\/schema.org\",\"@graph\":[{\"@type\":\"WebPage\",\"@id\":\"https:\/\/otichain.com\/it\/proof-of-work-pow-vs-proof-of-stake-pos\/\",\"url\":\"https:\/\/otichain.com\/it\/proof-of-work-pow-vs-proof-of-stake-pos\/\",\"name\":\"Proof of Work (PoW) vs Proof of Stake (PoS) | OTICHAIN\",\"isPartOf\":{\"@id\":\"https:\/\/otichain.com\/it\/#website\"},\"datePublished\":\"2021-04-19T06:34:20+00:00\",\"dateModified\":\"2023-10-12T08:56:07+00:00\",\"breadcrumb\":{\"@id\":\"https:\/\/otichain.com\/it\/proof-of-work-pow-vs-proof-of-stake-pos\/#breadcrumb\"},\"inLanguage\":\"it-IT\",\"potentialAction\":[{\"@type\":\"ReadAction\",\"target\":[\"https:\/\/otichain.com\/it\/proof-of-work-pow-vs-proof-of-stake-pos\/\"]}]},{\"@type\":\"BreadcrumbList\",\"@id\":\"https:\/\/otichain.com\/it\/proof-of-work-pow-vs-proof-of-stake-pos\/#breadcrumb\",\"itemListElement\":[{\"@type\":\"ListItem\",\"position\":1,\"name\":\"Home\",\"item\":\"https:\/\/otichain.com\/it\/\"},{\"@type\":\"ListItem\",\"position\":2,\"name\":\"Proof of Work (PoW) vs Proof of Stake (PoS)\"}]},{\"@type\":\"WebSite\",\"@id\":\"https:\/\/otichain.com\/it\/#website\",\"url\":\"https:\/\/otichain.com\/it\/\",\"name\":\"OTICHAIN\",\"description\":\"The One True ID blockchain\",\"publisher\":{\"@id\":\"https:\/\/otichain.com\/it\/#organization\"},\"potentialAction\":[{\"@type\":\"SearchAction\",\"target\":{\"@type\":\"EntryPoint\",\"urlTemplate\":\"https:\/\/otichain.com\/it\/?s={search_term_string}\"},\"query-input\":\"required name=search_term_string\"}],\"inLanguage\":\"it-IT\"},{\"@type\":\"Organization\",\"@id\":\"https:\/\/otichain.com\/it\/#organization\",\"name\":\"Otichain\",\"url\":\"https:\/\/otichain.com\/it\/\",\"logo\":{\"@type\":\"ImageObject\",\"inLanguage\":\"it-IT\",\"@id\":\"https:\/\/otichain.com\/it\/#\/schema\/logo\/image\/\",\"url\":\"https:\/\/otichain.com\/wp-content\/uploads\/2021\/02\/otichainlogoheader.png\",\"contentUrl\":\"https:\/\/otichain.com\/wp-content\/uploads\/2021\/02\/otichainlogoheader.png\",\"width\":310,\"height\":84,\"caption\":\"Otichain\"},\"image\":{\"@id\":\"https:\/\/otichain.com\/it\/#\/schema\/logo\/image\/\"}}]}<\/script>\n<!-- \/ Yoast SEO Premium plugin. -->","yoast_head_json":{"title":"Proof of Work (PoW) vs Proof of Stake (PoS) | OTICHAIN","robots":{"index":"index","follow":"follow","max-snippet":"max-snippet:-1","max-image-preview":"max-image-preview:large","max-video-preview":"max-video-preview:-1"},"canonical":"https:\/\/otichain.com\/it\/proof-of-work-pow-vs-proof-of-stake-pos\/","og_locale":"it_IT","og_type":"article","og_title":"Proof of Work (PoW) vs Proof of Stake (PoS)","og_description":"[vc_row el_class=&#8221;st-dropcap&#8221;][vc_column][vc_column_text]Per verificare e convalidare una transazione o un blocco, Bitcoin, Ethereum e molte altre piattaforme blockchain utilizzano il modello...","og_url":"https:\/\/otichain.com\/it\/proof-of-work-pow-vs-proof-of-stake-pos\/","og_site_name":"OTICHAIN","article_modified_time":"2023-10-12T08:56:07+00:00","twitter_card":"summary_large_image","twitter_misc":{"Tempo di lettura stimato":"3 minuti"},"schema":{"@context":"https:\/\/schema.org","@graph":[{"@type":"WebPage","@id":"https:\/\/otichain.com\/it\/proof-of-work-pow-vs-proof-of-stake-pos\/","url":"https:\/\/otichain.com\/it\/proof-of-work-pow-vs-proof-of-stake-pos\/","name":"Proof of Work (PoW) vs Proof of Stake (PoS) | OTICHAIN","isPartOf":{"@id":"https:\/\/otichain.com\/it\/#website"},"datePublished":"2021-04-19T06:34:20+00:00","dateModified":"2023-10-12T08:56:07+00:00","breadcrumb":{"@id":"https:\/\/otichain.com\/it\/proof-of-work-pow-vs-proof-of-stake-pos\/#breadcrumb"},"inLanguage":"it-IT","potentialAction":[{"@type":"ReadAction","target":["https:\/\/otichain.com\/it\/proof-of-work-pow-vs-proof-of-stake-pos\/"]}]},{"@type":"BreadcrumbList","@id":"https:\/\/otichain.com\/it\/proof-of-work-pow-vs-proof-of-stake-pos\/#breadcrumb","itemListElement":[{"@type":"ListItem","position":1,"name":"Home","item":"https:\/\/otichain.com\/it\/"},{"@type":"ListItem","position":2,"name":"Proof of Work (PoW) vs Proof of Stake (PoS)"}]},{"@type":"WebSite","@id":"https:\/\/otichain.com\/it\/#website","url":"https:\/\/otichain.com\/it\/","name":"OTICHAIN","description":"The One True ID blockchain","publisher":{"@id":"https:\/\/otichain.com\/it\/#organization"},"potentialAction":[{"@type":"SearchAction","target":{"@type":"EntryPoint","urlTemplate":"https:\/\/otichain.com\/it\/?s={search_term_string}"},"query-input":"required name=search_term_string"}],"inLanguage":"it-IT"},{"@type":"Organization","@id":"https:\/\/otichain.com\/it\/#organization","name":"Otichain","url":"https:\/\/otichain.com\/it\/","logo":{"@type":"ImageObject","inLanguage":"it-IT","@id":"https:\/\/otichain.com\/it\/#\/schema\/logo\/image\/","url":"https:\/\/otichain.com\/wp-content\/uploads\/2021\/02\/otichainlogoheader.png","contentUrl":"https:\/\/otichain.com\/wp-content\/uploads\/2021\/02\/otichainlogoheader.png","width":310,"height":84,"caption":"Otichain"},"image":{"@id":"https:\/\/otichain.com\/it\/#\/schema\/logo\/image\/"}}]}},"_links":{"self":[{"href":"https:\/\/otichain.com\/it\/wp-json\/wp\/v2\/pages\/33016"}],"collection":[{"href":"https:\/\/otichain.com\/it\/wp-json\/wp\/v2\/pages"}],"about":[{"href":"https:\/\/otichain.com\/it\/wp-json\/wp\/v2\/types\/page"}],"author":[{"embeddable":true,"href":"https:\/\/otichain.com\/it\/wp-json\/wp\/v2\/users\/1"}],"replies":[{"embeddable":true,"href":"https:\/\/otichain.com\/it\/wp-json\/wp\/v2\/comments?post=33016"}],"version-history":[{"count":1,"href":"https:\/\/otichain.com\/it\/wp-json\/wp\/v2\/pages\/33016\/revisions"}],"predecessor-version":[{"id":33017,"href":"https:\/\/otichain.com\/it\/wp-json\/wp\/v2\/pages\/33016\/revisions\/33017"}],"wp:attachment":[{"href":"https:\/\/otichain.com\/it\/wp-json\/wp\/v2\/media?parent=33016"}],"curies":[{"name":"wp","href":"https:\/\/api.w.org\/{rel}","templated":true}]}}