{"id":33019,"date":"2021-04-19T10:45:59","date_gmt":"2021-04-19T08:45:59","guid":{"rendered":"https:\/\/otichain.com\/prototype-platform\/"},"modified":"2023-10-12T10:58:22","modified_gmt":"2023-10-12T08:58:22","slug":"prototipo-e-piattaforma","status":"publish","type":"page","link":"https:\/\/otichain.com\/it\/prototipo-e-piattaforma\/","title":{"rendered":"Prototipo e Piattaforma"},"content":{"rendered":"<p>[vc_row el_class=&#8221;st-dropcap&#8221;][vc_column]<div class=\"clearboth\"><\/div><div class=\"gem-divider \" style=\"margin-top: 10px;\"><\/div>[\/vc_column][\/vc_row][vc_row el_class=&#8221;st-dropcap&#8221;][vc_column width=&#8221;1\/2&#8243;][vc_column_text]<strong>Otichain<\/strong> \u00e8 l\u2019evoluzione di Quantum, un progetto basato su Bitcoin Core (la blockchain pi\u00f9 sicura attualmente esistente) dove \u00e8 stata implementata la <strong>EVM (Ethereum Virtual<\/strong><br \/>\n<strong>Machine)<\/strong> per la creazione\/esecuzione di Smart Contract e Token fungibili e non. Rispetto a Quantum, ci differenziamo per <strong>l\u2019algoritmo Proof of Stake<\/strong>, che \u00e8 stato sostituito con il codice Blackcoin e profondamente modificato. In questo modo la blockchain \u00e8 diventata pi\u00f9 democratica e non pi\u00f9 basata sul \u201cpeso\u201d del wallet in stake.<\/p>\n<p>Nel <strong>PoS<\/strong> tradizionale, i nodi ricevono una ricompensa fissa in base alla quantit\u00e0 di monete puntate. Pi\u00f9 monete ci sono sul nodo in stake, pi\u00f9 blocchi si guadagnano e di conseguenza (in valore assoluto), pi\u00f9 monete si guadagnano. Sebbene in valore relativo tutti i partecipanti riceveranno la stessa percentuale di monete \u201cbloccate\u201d, in valore assoluto significa che pi\u00f9 monete si possiedono, pi\u00f9 sono i blocchi guadagnati e maggiore \u00e8 il potere di consenso. Teoricamente, se un nodo avesse <strong>pi\u00f9 del 51%<\/strong> di tutte le monete in circolazione, potrebbe cambiare la blockchain.<\/p>\n<p>In <strong>Otichain<\/strong>, invece, il meccanismo di ricompensa \u00e8 distribuito equamente a tutti i portafogli in staking (nodi), in proporzione al valore delle monete \u201cbloccate\u201d. In questo modo, in ogni ciclo di creazione, il nodo riceve un blocco e una frazione di monete pari a quanto ha puntato.[\/vc_column_text][\/vc_column][vc_column width=&#8221;1\/2&#8243;][vc_column_text]Si \u00e8 scoperto che il protocollo di consenso di <strong>Otichain<\/strong> ha una prevenzione degli attacchi molto migliorata del 51%, rendendo impossibile modificare la blockchain anche se si hanno tutte le monete in circolazione. Il limite di questo meccanismo \u00e8 dato dal numero di nodi, che per avere una maturazione sufficientemente rapida della ricompensa, necessita di un numero non elevato.<\/p>\n<p>La <strong>formula<\/strong> \u00e8: <strong>blocco generato * numero di secondi * numero di nodi = tempo di accumulo di nuove monete<\/strong>. La seconda differenza con Quantum \u00e8 il <strong>valore del canone di rete<\/strong> (gas) per transazioni ed esecuzioni di smart contract. Tale valore \u00e8 stato volutamente fissato a un valore infinitesimale, al fine di consentirne l\u2019utilizzo da parte di grandi aziende, enti e istituzioni dove il numero di transazioni \u00e8 estremamente elevato, ma il costo delle stesse deve essere il pi\u00f9 basso possibile seppure in un ambiente super sicuro.<\/p>\n<p>Queste \u201ctasse\u201d, invece di essere assegnate al titolare del blocco, sono assegnate a un <strong>\u201cindirizzo di fondazione\u201d<\/strong> che le raccoglie per la manutenzione della rete.<br \/>\nIl <strong>meccanismo di Stake<\/strong> \u00e8 l\u2019unico strumento di incentivazione per i nodi, quindi la produzione di monete di stake sar\u00e0 continua, in modo da incentivare all\u2019infinito il meccanismo di consenso.<\/p>\n<p>&nbsp;<\/p>\n<p>&nbsp;<\/p>\n<p><span style=\"color: #777777;\">\u00a0<\/span>[\/vc_column_text][\/vc_column][\/vc_row]<\/p>\n","protected":false},"excerpt":{"rendered":"<p>[vc_row el_class=&#8221;st-dropcap&#8221;][vc_column][\/vc_column][\/vc_row][vc_row el_class=&#8221;st-dropcap&#8221;][vc_column width=&#8221;1\/2&#8243;][vc_column_text]Otichain \u00e8 l\u2019evoluzione di Quantum, un progetto basato su Bitcoin Core (la blockchain pi\u00f9 sicura attualmente esistente)&#8230;<\/p>\n","protected":false},"author":1,"featured_media":0,"parent":0,"menu_order":0,"comment_status":"closed","ping_status":"closed","template":"","meta":{"footnotes":""},"class_list":["post-33019","page","type-page","status-publish"],"yoast_head":"<!-- This site is optimized with the Yoast SEO Premium plugin v20.7 (Yoast SEO v23.3) - https:\/\/yoast.com\/wordpress\/plugins\/seo\/ -->\n<title>Prototipo e Piattaforma | OTICHAIN<\/title>\n<meta name=\"robots\" content=\"index, follow, max-snippet:-1, max-image-preview:large, max-video-preview:-1\" \/>\n<link rel=\"canonical\" href=\"https:\/\/otichain.com\/it\/prototipo-e-piattaforma\/\" \/>\n<meta property=\"og:locale\" content=\"it_IT\" \/>\n<meta property=\"og:type\" content=\"article\" \/>\n<meta property=\"og:title\" content=\"Prototipo e Piattaforma\" \/>\n<meta property=\"og:description\" content=\"[vc_row el_class=&#8221;st-dropcap&#8221;][vc_column][\/vc_column][\/vc_row][vc_row el_class=&#8221;st-dropcap&#8221;][vc_column width=&#8221;1\/2&#8243;][vc_column_text]Otichain \u00e8 l\u2019evoluzione di Quantum, un progetto basato su Bitcoin Core (la blockchain pi\u00f9 sicura attualmente esistente)...\" \/>\n<meta property=\"og:url\" content=\"https:\/\/otichain.com\/it\/prototipo-e-piattaforma\/\" \/>\n<meta property=\"og:site_name\" content=\"OTICHAIN\" \/>\n<meta property=\"article:modified_time\" content=\"2023-10-12T08:58:22+00:00\" \/>\n<meta name=\"twitter:card\" content=\"summary_large_image\" \/>\n<meta name=\"twitter:label1\" content=\"Tempo di lettura stimato\" \/>\n\t<meta name=\"twitter:data1\" content=\"2 minuti\" \/>\n<script type=\"application\/ld+json\" class=\"yoast-schema-graph\">{\"@context\":\"https:\/\/schema.org\",\"@graph\":[{\"@type\":\"WebPage\",\"@id\":\"https:\/\/otichain.com\/it\/prototipo-e-piattaforma\/\",\"url\":\"https:\/\/otichain.com\/it\/prototipo-e-piattaforma\/\",\"name\":\"Prototipo e Piattaforma | OTICHAIN\",\"isPartOf\":{\"@id\":\"https:\/\/otichain.com\/it\/#website\"},\"datePublished\":\"2021-04-19T08:45:59+00:00\",\"dateModified\":\"2023-10-12T08:58:22+00:00\",\"breadcrumb\":{\"@id\":\"https:\/\/otichain.com\/it\/prototipo-e-piattaforma\/#breadcrumb\"},\"inLanguage\":\"it-IT\",\"potentialAction\":[{\"@type\":\"ReadAction\",\"target\":[\"https:\/\/otichain.com\/it\/prototipo-e-piattaforma\/\"]}]},{\"@type\":\"BreadcrumbList\",\"@id\":\"https:\/\/otichain.com\/it\/prototipo-e-piattaforma\/#breadcrumb\",\"itemListElement\":[{\"@type\":\"ListItem\",\"position\":1,\"name\":\"Home\",\"item\":\"https:\/\/otichain.com\/it\/\"},{\"@type\":\"ListItem\",\"position\":2,\"name\":\"Prototipo e Piattaforma\"}]},{\"@type\":\"WebSite\",\"@id\":\"https:\/\/otichain.com\/it\/#website\",\"url\":\"https:\/\/otichain.com\/it\/\",\"name\":\"OTICHAIN\",\"description\":\"The One True ID blockchain\",\"publisher\":{\"@id\":\"https:\/\/otichain.com\/it\/#organization\"},\"potentialAction\":[{\"@type\":\"SearchAction\",\"target\":{\"@type\":\"EntryPoint\",\"urlTemplate\":\"https:\/\/otichain.com\/it\/?s={search_term_string}\"},\"query-input\":\"required name=search_term_string\"}],\"inLanguage\":\"it-IT\"},{\"@type\":\"Organization\",\"@id\":\"https:\/\/otichain.com\/it\/#organization\",\"name\":\"Otichain\",\"url\":\"https:\/\/otichain.com\/it\/\",\"logo\":{\"@type\":\"ImageObject\",\"inLanguage\":\"it-IT\",\"@id\":\"https:\/\/otichain.com\/it\/#\/schema\/logo\/image\/\",\"url\":\"https:\/\/otichain.com\/wp-content\/uploads\/2021\/02\/otichainlogoheader.png\",\"contentUrl\":\"https:\/\/otichain.com\/wp-content\/uploads\/2021\/02\/otichainlogoheader.png\",\"width\":310,\"height\":84,\"caption\":\"Otichain\"},\"image\":{\"@id\":\"https:\/\/otichain.com\/it\/#\/schema\/logo\/image\/\"}}]}<\/script>\n<!-- \/ Yoast SEO Premium plugin. -->","yoast_head_json":{"title":"Prototipo e Piattaforma | OTICHAIN","robots":{"index":"index","follow":"follow","max-snippet":"max-snippet:-1","max-image-preview":"max-image-preview:large","max-video-preview":"max-video-preview:-1"},"canonical":"https:\/\/otichain.com\/it\/prototipo-e-piattaforma\/","og_locale":"it_IT","og_type":"article","og_title":"Prototipo e Piattaforma","og_description":"[vc_row el_class=&#8221;st-dropcap&#8221;][vc_column][\/vc_column][\/vc_row][vc_row el_class=&#8221;st-dropcap&#8221;][vc_column width=&#8221;1\/2&#8243;][vc_column_text]Otichain \u00e8 l\u2019evoluzione di Quantum, un progetto basato su Bitcoin Core (la blockchain pi\u00f9 sicura attualmente esistente)...","og_url":"https:\/\/otichain.com\/it\/prototipo-e-piattaforma\/","og_site_name":"OTICHAIN","article_modified_time":"2023-10-12T08:58:22+00:00","twitter_card":"summary_large_image","twitter_misc":{"Tempo di lettura stimato":"2 minuti"},"schema":{"@context":"https:\/\/schema.org","@graph":[{"@type":"WebPage","@id":"https:\/\/otichain.com\/it\/prototipo-e-piattaforma\/","url":"https:\/\/otichain.com\/it\/prototipo-e-piattaforma\/","name":"Prototipo e Piattaforma | OTICHAIN","isPartOf":{"@id":"https:\/\/otichain.com\/it\/#website"},"datePublished":"2021-04-19T08:45:59+00:00","dateModified":"2023-10-12T08:58:22+00:00","breadcrumb":{"@id":"https:\/\/otichain.com\/it\/prototipo-e-piattaforma\/#breadcrumb"},"inLanguage":"it-IT","potentialAction":[{"@type":"ReadAction","target":["https:\/\/otichain.com\/it\/prototipo-e-piattaforma\/"]}]},{"@type":"BreadcrumbList","@id":"https:\/\/otichain.com\/it\/prototipo-e-piattaforma\/#breadcrumb","itemListElement":[{"@type":"ListItem","position":1,"name":"Home","item":"https:\/\/otichain.com\/it\/"},{"@type":"ListItem","position":2,"name":"Prototipo e Piattaforma"}]},{"@type":"WebSite","@id":"https:\/\/otichain.com\/it\/#website","url":"https:\/\/otichain.com\/it\/","name":"OTICHAIN","description":"The One True ID blockchain","publisher":{"@id":"https:\/\/otichain.com\/it\/#organization"},"potentialAction":[{"@type":"SearchAction","target":{"@type":"EntryPoint","urlTemplate":"https:\/\/otichain.com\/it\/?s={search_term_string}"},"query-input":"required name=search_term_string"}],"inLanguage":"it-IT"},{"@type":"Organization","@id":"https:\/\/otichain.com\/it\/#organization","name":"Otichain","url":"https:\/\/otichain.com\/it\/","logo":{"@type":"ImageObject","inLanguage":"it-IT","@id":"https:\/\/otichain.com\/it\/#\/schema\/logo\/image\/","url":"https:\/\/otichain.com\/wp-content\/uploads\/2021\/02\/otichainlogoheader.png","contentUrl":"https:\/\/otichain.com\/wp-content\/uploads\/2021\/02\/otichainlogoheader.png","width":310,"height":84,"caption":"Otichain"},"image":{"@id":"https:\/\/otichain.com\/it\/#\/schema\/logo\/image\/"}}]}},"_links":{"self":[{"href":"https:\/\/otichain.com\/it\/wp-json\/wp\/v2\/pages\/33019"}],"collection":[{"href":"https:\/\/otichain.com\/it\/wp-json\/wp\/v2\/pages"}],"about":[{"href":"https:\/\/otichain.com\/it\/wp-json\/wp\/v2\/types\/page"}],"author":[{"embeddable":true,"href":"https:\/\/otichain.com\/it\/wp-json\/wp\/v2\/users\/1"}],"replies":[{"embeddable":true,"href":"https:\/\/otichain.com\/it\/wp-json\/wp\/v2\/comments?post=33019"}],"version-history":[{"count":1,"href":"https:\/\/otichain.com\/it\/wp-json\/wp\/v2\/pages\/33019\/revisions"}],"predecessor-version":[{"id":33021,"href":"https:\/\/otichain.com\/it\/wp-json\/wp\/v2\/pages\/33019\/revisions\/33021"}],"wp:attachment":[{"href":"https:\/\/otichain.com\/it\/wp-json\/wp\/v2\/media?parent=33019"}],"curies":[{"name":"wp","href":"https:\/\/api.w.org\/{rel}","templated":true}]}}