{"id":33028,"date":"2021-04-19T10:47:06","date_gmt":"2021-04-19T08:47:06","guid":{"rendered":"https:\/\/otichain.com\/the-virtual-machine-for-smart-contracts-evm\/"},"modified":"2023-10-12T11:02:44","modified_gmt":"2023-10-12T09:02:44","slug":"la-macchina-virtuale-per-i-contratti-intelligenti-evm","status":"publish","type":"page","link":"https:\/\/otichain.com\/it\/la-macchina-virtuale-per-i-contratti-intelligenti-evm\/","title":{"rendered":"La Macchina Virtuale per i Contratti Intelligenti &#8211; Evm"},"content":{"rendered":"<p>[vc_row el_class=&#8221;st-dropcap&#8221;][vc_column]<div class=\"clearboth\"><\/div><div class=\"gem-divider \" style=\"margin-top: 10px;\"><\/div>[vc_column_text]In quanto piattaforma di smart contract basata su <strong>UTXO<\/strong>, <strong>Otichain<\/strong> utilizza le stesse chiamate di procedura remota (RPC) di Bitcoin.<\/p>\n<p>Avendo scelto questo framework e introdotto un ulteriore modello di consenso PoS per la sua capacit\u00e0 di facilitare la creazione di piattaforme di app decentralizzate, la tracciabilit\u00e0 e la coerenza delle transazioni sulla blockchain sono garantite. Ethereum, d\u2019altra parte, utilizza un sistema basato su account (come un indirizzo di posta) in cui lo stato dell\u2019account e il saldo sono gestiti in questi oggetti chiamati \u201caccount\u201d. La blockchain di <strong>Ethereum<\/strong> utilizza macchine virtuali basate su stack chiamate EVM.<\/p>\n<p>Questi <strong>EVM a 256 bit<\/strong> eseguono contratti intelligenti registrati nel <strong>linguaggio Solidity<\/strong>. Poich\u00e9 la piattaforma Otichain \u00e8 basata sul modello UTXO, \u00e8 necessaria un\u2019interfaccia per tradurre il modello UTXO in un modello basato sull\u2019account.<\/p>\n<p>L\u2019interfaccia di <strong>integrazione EVM<\/strong> consente agli smart contract sviluppati su Ethereum di funzionare su Otichain senza richiedere alcuna modifica. Ci\u00f2 consente a sviluppatori e utenti di lavorare facilmente con i protocolli Bitcoin ed Ethereum. Ci\u00f2 rende OTI una criptovaluta <strong>ibrida<\/strong> che pu\u00f2 essere utilizzata in una <strong>vasta gamma <\/strong>di settori.[\/vc_column_text][\/vc_column][\/vc_row]<\/p>\n","protected":false},"excerpt":{"rendered":"<p>[vc_row el_class=&#8221;st-dropcap&#8221;][vc_column][vc_column_text]In quanto piattaforma di smart contract basata su UTXO, Otichain utilizza le stesse chiamate di procedura remota (RPC) di&#8230;<\/p>\n","protected":false},"author":1,"featured_media":0,"parent":0,"menu_order":0,"comment_status":"closed","ping_status":"closed","template":"","meta":{"footnotes":""},"class_list":["post-33028","page","type-page","status-publish"],"yoast_head":"<!-- This site is optimized with the Yoast SEO Premium plugin v20.7 (Yoast SEO v23.3) - https:\/\/yoast.com\/wordpress\/plugins\/seo\/ -->\n<title>La Macchina Virtuale per i Contratti Intelligenti - Evm | OTICHAIN<\/title>\n<meta name=\"robots\" content=\"index, follow, max-snippet:-1, max-image-preview:large, max-video-preview:-1\" \/>\n<link rel=\"canonical\" href=\"https:\/\/otichain.com\/it\/la-macchina-virtuale-per-i-contratti-intelligenti-evm\/\" \/>\n<meta property=\"og:locale\" content=\"it_IT\" \/>\n<meta property=\"og:type\" content=\"article\" \/>\n<meta property=\"og:title\" content=\"La Macchina Virtuale per i Contratti Intelligenti - Evm\" \/>\n<meta property=\"og:description\" content=\"[vc_row el_class=&#8221;st-dropcap&#8221;][vc_column][vc_column_text]In quanto piattaforma di smart contract basata su UTXO, Otichain utilizza le stesse chiamate di procedura remota (RPC) di...\" \/>\n<meta property=\"og:url\" content=\"https:\/\/otichain.com\/it\/la-macchina-virtuale-per-i-contratti-intelligenti-evm\/\" \/>\n<meta property=\"og:site_name\" content=\"OTICHAIN\" \/>\n<meta property=\"article:modified_time\" content=\"2023-10-12T09:02:44+00:00\" \/>\n<meta name=\"twitter:card\" content=\"summary_large_image\" \/>\n<meta name=\"twitter:label1\" content=\"Tempo di lettura stimato\" \/>\n\t<meta name=\"twitter:data1\" content=\"1 minuto\" \/>\n<script type=\"application\/ld+json\" class=\"yoast-schema-graph\">{\"@context\":\"https:\/\/schema.org\",\"@graph\":[{\"@type\":\"WebPage\",\"@id\":\"https:\/\/otichain.com\/it\/la-macchina-virtuale-per-i-contratti-intelligenti-evm\/\",\"url\":\"https:\/\/otichain.com\/it\/la-macchina-virtuale-per-i-contratti-intelligenti-evm\/\",\"name\":\"La Macchina Virtuale per i Contratti Intelligenti - Evm | OTICHAIN\",\"isPartOf\":{\"@id\":\"https:\/\/otichain.com\/it\/#website\"},\"datePublished\":\"2021-04-19T08:47:06+00:00\",\"dateModified\":\"2023-10-12T09:02:44+00:00\",\"breadcrumb\":{\"@id\":\"https:\/\/otichain.com\/it\/la-macchina-virtuale-per-i-contratti-intelligenti-evm\/#breadcrumb\"},\"inLanguage\":\"it-IT\",\"potentialAction\":[{\"@type\":\"ReadAction\",\"target\":[\"https:\/\/otichain.com\/it\/la-macchina-virtuale-per-i-contratti-intelligenti-evm\/\"]}]},{\"@type\":\"BreadcrumbList\",\"@id\":\"https:\/\/otichain.com\/it\/la-macchina-virtuale-per-i-contratti-intelligenti-evm\/#breadcrumb\",\"itemListElement\":[{\"@type\":\"ListItem\",\"position\":1,\"name\":\"Home\",\"item\":\"https:\/\/otichain.com\/it\/\"},{\"@type\":\"ListItem\",\"position\":2,\"name\":\"La Macchina Virtuale per i Contratti Intelligenti &#8211; Evm\"}]},{\"@type\":\"WebSite\",\"@id\":\"https:\/\/otichain.com\/it\/#website\",\"url\":\"https:\/\/otichain.com\/it\/\",\"name\":\"OTICHAIN\",\"description\":\"The One True ID blockchain\",\"publisher\":{\"@id\":\"https:\/\/otichain.com\/it\/#organization\"},\"potentialAction\":[{\"@type\":\"SearchAction\",\"target\":{\"@type\":\"EntryPoint\",\"urlTemplate\":\"https:\/\/otichain.com\/it\/?s={search_term_string}\"},\"query-input\":\"required name=search_term_string\"}],\"inLanguage\":\"it-IT\"},{\"@type\":\"Organization\",\"@id\":\"https:\/\/otichain.com\/it\/#organization\",\"name\":\"Otichain\",\"url\":\"https:\/\/otichain.com\/it\/\",\"logo\":{\"@type\":\"ImageObject\",\"inLanguage\":\"it-IT\",\"@id\":\"https:\/\/otichain.com\/it\/#\/schema\/logo\/image\/\",\"url\":\"https:\/\/otichain.com\/wp-content\/uploads\/2021\/02\/otichainlogoheader.png\",\"contentUrl\":\"https:\/\/otichain.com\/wp-content\/uploads\/2021\/02\/otichainlogoheader.png\",\"width\":310,\"height\":84,\"caption\":\"Otichain\"},\"image\":{\"@id\":\"https:\/\/otichain.com\/it\/#\/schema\/logo\/image\/\"}}]}<\/script>\n<!-- \/ Yoast SEO Premium plugin. -->","yoast_head_json":{"title":"La Macchina Virtuale per i Contratti Intelligenti - Evm | OTICHAIN","robots":{"index":"index","follow":"follow","max-snippet":"max-snippet:-1","max-image-preview":"max-image-preview:large","max-video-preview":"max-video-preview:-1"},"canonical":"https:\/\/otichain.com\/it\/la-macchina-virtuale-per-i-contratti-intelligenti-evm\/","og_locale":"it_IT","og_type":"article","og_title":"La Macchina Virtuale per i Contratti Intelligenti - Evm","og_description":"[vc_row el_class=&#8221;st-dropcap&#8221;][vc_column][vc_column_text]In quanto piattaforma di smart contract basata su UTXO, Otichain utilizza le stesse chiamate di procedura remota (RPC) di...","og_url":"https:\/\/otichain.com\/it\/la-macchina-virtuale-per-i-contratti-intelligenti-evm\/","og_site_name":"OTICHAIN","article_modified_time":"2023-10-12T09:02:44+00:00","twitter_card":"summary_large_image","twitter_misc":{"Tempo di lettura stimato":"1 minuto"},"schema":{"@context":"https:\/\/schema.org","@graph":[{"@type":"WebPage","@id":"https:\/\/otichain.com\/it\/la-macchina-virtuale-per-i-contratti-intelligenti-evm\/","url":"https:\/\/otichain.com\/it\/la-macchina-virtuale-per-i-contratti-intelligenti-evm\/","name":"La Macchina Virtuale per i Contratti Intelligenti - Evm | OTICHAIN","isPartOf":{"@id":"https:\/\/otichain.com\/it\/#website"},"datePublished":"2021-04-19T08:47:06+00:00","dateModified":"2023-10-12T09:02:44+00:00","breadcrumb":{"@id":"https:\/\/otichain.com\/it\/la-macchina-virtuale-per-i-contratti-intelligenti-evm\/#breadcrumb"},"inLanguage":"it-IT","potentialAction":[{"@type":"ReadAction","target":["https:\/\/otichain.com\/it\/la-macchina-virtuale-per-i-contratti-intelligenti-evm\/"]}]},{"@type":"BreadcrumbList","@id":"https:\/\/otichain.com\/it\/la-macchina-virtuale-per-i-contratti-intelligenti-evm\/#breadcrumb","itemListElement":[{"@type":"ListItem","position":1,"name":"Home","item":"https:\/\/otichain.com\/it\/"},{"@type":"ListItem","position":2,"name":"La Macchina Virtuale per i Contratti Intelligenti &#8211; Evm"}]},{"@type":"WebSite","@id":"https:\/\/otichain.com\/it\/#website","url":"https:\/\/otichain.com\/it\/","name":"OTICHAIN","description":"The One True ID blockchain","publisher":{"@id":"https:\/\/otichain.com\/it\/#organization"},"potentialAction":[{"@type":"SearchAction","target":{"@type":"EntryPoint","urlTemplate":"https:\/\/otichain.com\/it\/?s={search_term_string}"},"query-input":"required name=search_term_string"}],"inLanguage":"it-IT"},{"@type":"Organization","@id":"https:\/\/otichain.com\/it\/#organization","name":"Otichain","url":"https:\/\/otichain.com\/it\/","logo":{"@type":"ImageObject","inLanguage":"it-IT","@id":"https:\/\/otichain.com\/it\/#\/schema\/logo\/image\/","url":"https:\/\/otichain.com\/wp-content\/uploads\/2021\/02\/otichainlogoheader.png","contentUrl":"https:\/\/otichain.com\/wp-content\/uploads\/2021\/02\/otichainlogoheader.png","width":310,"height":84,"caption":"Otichain"},"image":{"@id":"https:\/\/otichain.com\/it\/#\/schema\/logo\/image\/"}}]}},"_links":{"self":[{"href":"https:\/\/otichain.com\/it\/wp-json\/wp\/v2\/pages\/33028"}],"collection":[{"href":"https:\/\/otichain.com\/it\/wp-json\/wp\/v2\/pages"}],"about":[{"href":"https:\/\/otichain.com\/it\/wp-json\/wp\/v2\/types\/page"}],"author":[{"embeddable":true,"href":"https:\/\/otichain.com\/it\/wp-json\/wp\/v2\/users\/1"}],"replies":[{"embeddable":true,"href":"https:\/\/otichain.com\/it\/wp-json\/wp\/v2\/comments?post=33028"}],"version-history":[{"count":1,"href":"https:\/\/otichain.com\/it\/wp-json\/wp\/v2\/pages\/33028\/revisions"}],"predecessor-version":[{"id":33029,"href":"https:\/\/otichain.com\/it\/wp-json\/wp\/v2\/pages\/33028\/revisions\/33029"}],"wp:attachment":[{"href":"https:\/\/otichain.com\/it\/wp-json\/wp\/v2\/media?parent=33028"}],"curies":[{"name":"wp","href":"https:\/\/api.w.org\/{rel}","templated":true}]}}